{"id":97,"date":"2024-01-14T22:46:59","date_gmt":"2024-01-15T01:46:59","guid":{"rendered":"https:\/\/confrariadoazeite.com.br\/?post_type=product&#038;p=97"},"modified":"2024-10-29T21:00:14","modified_gmt":"2024-10-30T00:00:14","slug":"confraria-do-azeite-lovers-prosperato","status":"publish","type":"product","link":"https:\/\/confrariadoazeite.com.br\/?product=confraria-do-azeite-lovers-prosperato","title":{"rendered":"Confraria do Azeite &#8211; Lovers &#8211; Prosperato"},"content":{"rendered":"<p>Uma experiencia pela riqueza de sabores e aromas dos azeites Prosperato. Alta qualidade, \u00a0frescos, com baixa acidez, sabores e aromas perfeitos, e muito premiados em renomadas competi\u00e7\u00f5es\u00a0 internacionais.<\/p>\n<p>Os azeites s\u00e3o cultivados e produzidos em 4 fazendas no Rio Grande do sul. Uma fazenda de administra\u00e7\u00e3o familiar.\u00a0 Os processos de cultivo e produ\u00e7\u00e3o s\u00e3o voltados para a produ\u00e7\u00e3o de azeites de alta qualidade e os equipamentos s\u00e3o de \u00faltima gera\u00e7\u00e3o.<\/p>\n<p><img loading=\"lazy\" decoding=\"async\" class=\"wp-image-108 aligncenter\" src=\"http:\/\/confrariadoazeite.com.br\/wp-content\/uploads\/2024\/01\/maior_326002569_3778350475724754_7530684167091292068_n-300x200.png\" alt=\"\" width=\"404\" height=\"269\" srcset=\"https:\/\/confrariadoazeite.com.br\/wp-content\/uploads\/2024\/01\/maior_326002569_3778350475724754_7530684167091292068_n-300x200.png 300w, https:\/\/confrariadoazeite.com.br\/wp-content\/uploads\/2024\/01\/maior_326002569_3778350475724754_7530684167091292068_n-600x400.png 600w, https:\/\/confrariadoazeite.com.br\/wp-content\/uploads\/2024\/01\/maior_326002569_3778350475724754_7530684167091292068_n-90x60.png 90w, https:\/\/confrariadoazeite.com.br\/wp-content\/uploads\/2024\/01\/maior_326002569_3778350475724754_7530684167091292068_n-135x90.png 135w, https:\/\/confrariadoazeite.com.br\/wp-content\/uploads\/2024\/01\/maior_326002569_3778350475724754_7530684167091292068_n.png 700w\" sizes=\"(max-width: 404px) 100vw, 404px\" \/><\/p>\n","protected":false},"excerpt":{"rendered":"<ul>\n<li>Produto: A cada mes um azeite diferente de 500ml.<\/li>\n<li>Pagamento mensal<\/li>\n<li>Fresco, da \u00faltima safra<\/li>\n<li>Baixa acidez<\/li>\n<li>variedades enviadas alternadamente: Blend, Koroneiki, Coratina e Picual<\/li>\n<\/ul>\n","protected":false},"featured_media":107,"comment_status":"open","ping_status":"closed","template":"","meta":{"om_disable_all_campaigns":false,"_monsterinsights_skip_tracking":false,"_monsterinsights_sitenote_active":false,"_monsterinsights_sitenote_note":"","_monsterinsights_sitenote_category":0,"site-sidebar-layout":"default","site-content-layout":"default","ast-site-content-layout":"default","site-content-style":"default","site-sidebar-style":"default","ast-global-header-display":"","ast-banner-title-visibility":"","ast-main-header-display":"","ast-hfb-above-header-display":"","ast-hfb-below-header-display":"","ast-hfb-mobile-header-display":"","site-post-title":"","ast-breadcrumbs-content":"","ast-featured-img":"","footer-sml-layout":"","theme-transparent-header-meta":"default","adv-header-id-meta":"","stick-header-meta":"","header-above-stick-meta":"","header-main-stick-meta":"","header-below-stick-meta":"","astra-migrate-meta-layouts":"set","ast-page-background-enabled":"default","ast-page-background-meta":{"desktop":{"background-color":"var(--ast-global-color-4)","background-image":"","background-repeat":"repeat","background-position":"center center","background-size":"auto","background-attachment":"scroll","background-type":"","background-media":"","overlay-type":"","overlay-color":"","overlay-gradient":""},"tablet":{"background-color":"","background-image":"","background-repeat":"repeat","background-position":"center center","background-size":"auto","background-attachment":"scroll","background-type":"","background-media":"","overlay-type":"","overlay-color":"","overlay-gradient":""},"mobile":{"background-color":"","background-image":"","background-repeat":"repeat","background-position":"center center","background-size":"auto","background-attachment":"scroll","background-type":"","background-media":"","overlay-type":"","overlay-color":"","overlay-gradient":""}},"ast-content-background-meta":{"desktop":{"background-color":"var(--ast-global-color-5)","background-image":"","background-repeat":"repeat","background-position":"center center","background-size":"auto","background-attachment":"scroll","background-type":"","background-media":"","overlay-type":"","overlay-color":"","overlay-gradient":""},"tablet":{"background-color":"var(--ast-global-color-5)","background-image":"","background-repeat":"repeat","background-position":"center center","background-size":"auto","background-attachment":"scroll","background-type":"","background-media":"","overlay-type":"","overlay-color":"","overlay-gradient":""},"mobile":{"background-color":"var(--ast-global-color-5)","background-image":"","background-repeat":"repeat","background-position":"center center","background-size":"auto","background-attachment":"scroll","background-type":"","background-media":"","overlay-type":"","overlay-color":"","overlay-gradient":""}}},"product_cat":[26,34,30],"product_tag":[],"aioseo_notices":[],"jetpack_sharing_enabled":true,"_links":{"self":[{"href":"https:\/\/confrariadoazeite.com.br\/index.php?rest_route=\/wp\/v2\/product\/97"}],"collection":[{"href":"https:\/\/confrariadoazeite.com.br\/index.php?rest_route=\/wp\/v2\/product"}],"about":[{"href":"https:\/\/confrariadoazeite.com.br\/index.php?rest_route=\/wp\/v2\/types\/product"}],"replies":[{"embeddable":true,"href":"https:\/\/confrariadoazeite.com.br\/index.php?rest_route=%2Fwp%2Fv2%2Fcomments&post=97"}],"wp:featuredmedia":[{"embeddable":true,"href":"https:\/\/confrariadoazeite.com.br\/index.php?rest_route=\/wp\/v2\/media\/107"}],"wp:attachment":[{"href":"https:\/\/confrariadoazeite.com.br\/index.php?rest_route=%2Fwp%2Fv2%2Fmedia&parent=97"}],"wp:term":[{"taxonomy":"product_cat","embeddable":true,"href":"https:\/\/confrariadoazeite.com.br\/index.php?rest_route=%2Fwp%2Fv2%2Fproduct_cat&post=97"},{"taxonomy":"product_tag","embeddable":true,"href":"https:\/\/confrariadoazeite.com.br\/index.php?rest_route=%2Fwp%2Fv2%2Fproduct_tag&post=97"}],"curies":[{"name":"wp","href":"https:\/\/api.w.org\/{rel}","templated":true}]}}