{"id":90,"date":"2024-01-14T21:52:27","date_gmt":"2024-01-15T00:52:27","guid":{"rendered":"https:\/\/confrariadoazeite.com.br\/?post_type=product&#038;p=90"},"modified":"2025-11-25T13:13:18","modified_gmt":"2025-11-25T16:13:18","slug":"confraria-do-azeite-lovers-casa-gabriel-rodrigues","status":"publish","type":"product","link":"https:\/\/confrariadoazeite.com.br\/?product=confraria-do-azeite-lovers-casa-gabriel-rodrigues","title":{"rendered":"Confraria do Azeite &#8211; Lovers &#8211; Casa Gabriel Rodrigues"},"content":{"rendered":"<p>Uma experiencia pela riqueza de sabores e aromas dos azeites da casa Gabriel Rodrigues. Alta qualidade, \u00a0frescos, com baixa acidez, sabores e aromas perfeitos, e muito premiados em renomadas competi\u00e7\u00f5es\u00a0 internacionais.<\/p>\n<p>Os azeites s\u00e3o cultivados e produzidos na fazenda em S\u00e3o Gabriel, Rio Grande do sul. Uma fazenda de administra\u00e7\u00e3o familiar.\u00a0 Os processos de cultivo e produ\u00e7\u00e3o s\u00e3o voltados para a azeites de alta qualidade e os equipamentos s\u00e3o de \u00faltima gera\u00e7\u00e3o.<\/p>\n<figure id=\"attachment_91\" aria-describedby=\"caption-attachment-91\" style=\"width: 752px\" class=\"wp-caption aligncenter\"><img loading=\"lazy\" decoding=\"async\" class=\"wp-image-91\" src=\"http:\/\/confrariadoazeite.com.br\/wp-content\/uploads\/2024\/01\/TLP08063-300x200.jpg\" alt=\"\" width=\"752\" height=\"502\" srcset=\"https:\/\/confrariadoazeite.com.br\/wp-content\/uploads\/2024\/01\/TLP08063-300x200.jpg 300w, https:\/\/confrariadoazeite.com.br\/wp-content\/uploads\/2024\/01\/TLP08063-1024x683.jpg 1024w, https:\/\/confrariadoazeite.com.br\/wp-content\/uploads\/2024\/01\/TLP08063-768x512.jpg 768w, https:\/\/confrariadoazeite.com.br\/wp-content\/uploads\/2024\/01\/TLP08063-1536x1024.jpg 1536w, https:\/\/confrariadoazeite.com.br\/wp-content\/uploads\/2024\/01\/TLP08063-2048x1365.jpg 2048w, https:\/\/confrariadoazeite.com.br\/wp-content\/uploads\/2024\/01\/TLP08063-1320x880.jpg 1320w, https:\/\/confrariadoazeite.com.br\/wp-content\/uploads\/2024\/01\/TLP08063-600x400.jpg 600w, https:\/\/confrariadoazeite.com.br\/wp-content\/uploads\/2024\/01\/TLP08063-90x60.jpg 90w, https:\/\/confrariadoazeite.com.br\/wp-content\/uploads\/2024\/01\/TLP08063-135x90.jpg 135w\" sizes=\"(max-width: 752px) 100vw, 752px\" \/><figcaption id=\"caption-attachment-91\" class=\"wp-caption-text\">Fazenda da casa Gabriel Rodrigues<\/figcaption><\/figure>\n<p>&nbsp;<\/p>\n","protected":false},"excerpt":{"rendered":"<ul>\n<li>Produto: A cada mes um azeite diferente da Casa Gabriel Rodrigues (7 produtos)<\/li>\n<li>Nos meses impares uma unidade de 250ml, na sequencia arbequina ou reserva ou coratina ou lim\u00e3o ou manjeric\u00e3o.<\/li>\n<li>Nos meses pares uma unidade de 500ml, na sequencia arbosana\/arbequina ou koroneiki<\/li>\n<li>Pagamento mensal<\/li>\n<li>Fresco, da \u00faltima safra<\/li>\n<li>Baixa acidez<\/li>\n<\/ul>\n","protected":false},"featured_media":93,"comment_status":"open","ping_status":"closed","template":"","meta":{"om_disable_all_campaigns":false,"_monsterinsights_skip_tracking":false,"_monsterinsights_sitenote_active":false,"_monsterinsights_sitenote_note":"","_monsterinsights_sitenote_category":0,"site-sidebar-layout":"default","site-content-layout":"default","ast-site-content-layout":"default","site-content-style":"default","site-sidebar-style":"default","ast-global-header-display":"","ast-banner-title-visibility":"","ast-main-header-display":"","ast-hfb-above-header-display":"","ast-hfb-below-header-display":"","ast-hfb-mobile-header-display":"","site-post-title":"","ast-breadcrumbs-content":"","ast-featured-img":"","footer-sml-layout":"","theme-transparent-header-meta":"default","adv-header-id-meta":"","stick-header-meta":"","header-above-stick-meta":"","header-main-stick-meta":"","header-below-stick-meta":"","astra-migrate-meta-layouts":"set","ast-page-background-enabled":"default","ast-page-background-meta":{"desktop":{"background-color":"var(--ast-global-color-4)","background-image":"","background-repeat":"repeat","background-position":"center center","background-size":"auto","background-attachment":"scroll","background-type":"","background-media":"","overlay-type":"","overlay-color":"","overlay-gradient":""},"tablet":{"background-color":"","background-image":"","background-repeat":"repeat","background-position":"center center","background-size":"auto","background-attachment":"scroll","background-type":"","background-media":"","overlay-type":"","overlay-color":"","overlay-gradient":""},"mobile":{"background-color":"","background-image":"","background-repeat":"repeat","background-position":"center center","background-size":"auto","background-attachment":"scroll","background-type":"","background-media":"","overlay-type":"","overlay-color":"","overlay-gradient":""}},"ast-content-background-meta":{"desktop":{"background-color":"var(--ast-global-color-5)","background-image":"","background-repeat":"repeat","background-position":"center center","background-size":"auto","background-attachment":"scroll","background-type":"","background-media":"","overlay-type":"","overlay-color":"","overlay-gradient":""},"tablet":{"background-color":"var(--ast-global-color-5)","background-image":"","background-repeat":"repeat","background-position":"center center","background-size":"auto","background-attachment":"scroll","background-type":"","background-media":"","overlay-type":"","overlay-color":"","overlay-gradient":""},"mobile":{"background-color":"var(--ast-global-color-5)","background-image":"","background-repeat":"repeat","background-position":"center center","background-size":"auto","background-attachment":"scroll","background-type":"","background-media":"","overlay-type":"","overlay-color":"","overlay-gradient":""}}},"product_cat":[26,29,34],"product_tag":[],"aioseo_notices":[],"jetpack_sharing_enabled":true,"_links":{"self":[{"href":"https:\/\/confrariadoazeite.com.br\/index.php?rest_route=\/wp\/v2\/product\/90"}],"collection":[{"href":"https:\/\/confrariadoazeite.com.br\/index.php?rest_route=\/wp\/v2\/product"}],"about":[{"href":"https:\/\/confrariadoazeite.com.br\/index.php?rest_route=\/wp\/v2\/types\/product"}],"replies":[{"embeddable":true,"href":"https:\/\/confrariadoazeite.com.br\/index.php?rest_route=%2Fwp%2Fv2%2Fcomments&post=90"}],"wp:featuredmedia":[{"embeddable":true,"href":"https:\/\/confrariadoazeite.com.br\/index.php?rest_route=\/wp\/v2\/media\/93"}],"wp:attachment":[{"href":"https:\/\/confrariadoazeite.com.br\/index.php?rest_route=%2Fwp%2Fv2%2Fmedia&parent=90"}],"wp:term":[{"taxonomy":"product_cat","embeddable":true,"href":"https:\/\/confrariadoazeite.com.br\/index.php?rest_route=%2Fwp%2Fv2%2Fproduct_cat&post=90"},{"taxonomy":"product_tag","embeddable":true,"href":"https:\/\/confrariadoazeite.com.br\/index.php?rest_route=%2Fwp%2Fv2%2Fproduct_tag&post=90"}],"curies":[{"name":"wp","href":"https:\/\/api.w.org\/{rel}","templated":true}]}}