{"id":122,"date":"2024-01-30T18:38:55","date_gmt":"2024-01-30T21:38:55","guid":{"rendered":"https:\/\/confrariadoazeite.com.br\/?post_type=product&#038;p=122"},"modified":"2024-01-30T18:42:56","modified_gmt":"2024-01-30T21:42:56","slug":"confraria-do-azeite-lovers-blends","status":"publish","type":"product","link":"https:\/\/confrariadoazeite.com.br\/?product=confraria-do-azeite-lovers-blends","title":{"rendered":"Confraria do Azeite &#8211; Lovers &#8211; Blends"},"content":{"rendered":"<p>Uma experiencia pela riqueza de sabores e aromas dos azeites blend nacionais. Os azeites blend s\u00e3o autoria de cada produtor, que busca criar produtos que agradem a maior parte de seus clientes em suas necessidades di\u00e1rias. S\u00e3o azeites de alta qualidade, frescos, com baixa acidez, e com sabores e aromas perfeitos. Muito premiados em renomadas competi\u00e7\u00f5es\u00a0 internacionais.<\/p>\n<p>Os azeites s\u00e3o cultivados e produzidos em no Rio Grande do sul. em fazendas de administra\u00e7\u00e3o familiar.\u00a0 Os processos de cultivo e produ\u00e7\u00e3o s\u00e3o voltados para a produ\u00e7\u00e3o de azeites de alta qualidade e os equipamentos s\u00e3o de \u00faltima gera\u00e7\u00e3o.<\/p>\n<p>&nbsp;<\/p>\n","protected":false},"excerpt":{"rendered":"<ul>\n<li>Produto: A cada mes um azeite da variedade koroneiki de 500ml.<\/li>\n<li>Pagamento mensal<\/li>\n<li>Fresco, da \u00faltima safra<\/li>\n<li>Baixa acidez<\/li>\n<li>Produtores enviados alternadamente: Capolivo, Acendra, Pecora Nera, Prosperato, Casa gabriel Rodrigues<\/li>\n<\/ul>\n","protected":false},"featured_media":123,"comment_status":"open","ping_status":"closed","template":"","meta":{"om_disable_all_campaigns":false,"_monsterinsights_skip_tracking":false,"_monsterinsights_sitenote_active":false,"_monsterinsights_sitenote_note":"","_monsterinsights_sitenote_category":0,"site-sidebar-layout":"default","site-content-layout":"default","ast-site-content-layout":"default","site-content-style":"default","site-sidebar-style":"default","ast-global-header-display":"","ast-banner-title-visibility":"","ast-main-header-display":"","ast-hfb-above-header-display":"","ast-hfb-below-header-display":"","ast-hfb-mobile-header-display":"","site-post-title":"","ast-breadcrumbs-content":"","ast-featured-img":"","footer-sml-layout":"","theme-transparent-header-meta":"default","adv-header-id-meta":"","stick-header-meta":"","header-above-stick-meta":"","header-main-stick-meta":"","header-below-stick-meta":"","astra-migrate-meta-layouts":"set","ast-page-background-enabled":"default","ast-page-background-meta":{"desktop":{"background-color":"var(--ast-global-color-4)","background-image":"","background-repeat":"repeat","background-position":"center center","background-size":"auto","background-attachment":"scroll","background-type":"","background-media":"","overlay-type":"","overlay-color":"","overlay-gradient":""},"tablet":{"background-color":"","background-image":"","background-repeat":"repeat","background-position":"center center","background-size":"auto","background-attachment":"scroll","background-type":"","background-media":"","overlay-type":"","overlay-color":"","overlay-gradient":""},"mobile":{"background-color":"","background-image":"","background-repeat":"repeat","background-position":"center center","background-size":"auto","background-attachment":"scroll","background-type":"","background-media":"","overlay-type":"","overlay-color":"","overlay-gradient":""}},"ast-content-background-meta":{"desktop":{"background-color":"var(--ast-global-color-5)","background-image":"","background-repeat":"repeat","background-position":"center center","background-size":"auto","background-attachment":"scroll","background-type":"","background-media":"","overlay-type":"","overlay-color":"","overlay-gradient":""},"tablet":{"background-color":"var(--ast-global-color-5)","background-image":"","background-repeat":"repeat","background-position":"center center","background-size":"auto","background-attachment":"scroll","background-type":"","background-media":"","overlay-type":"","overlay-color":"","overlay-gradient":""},"mobile":{"background-color":"var(--ast-global-color-5)","background-image":"","background-repeat":"repeat","background-position":"center center","background-size":"auto","background-attachment":"scroll","background-type":"","background-media":"","overlay-type":"","overlay-color":"","overlay-gradient":""}}},"product_cat":[29,34,24],"product_tag":[],"aioseo_notices":[],"jetpack_sharing_enabled":true,"_links":{"self":[{"href":"https:\/\/confrariadoazeite.com.br\/index.php?rest_route=\/wp\/v2\/product\/122"}],"collection":[{"href":"https:\/\/confrariadoazeite.com.br\/index.php?rest_route=\/wp\/v2\/product"}],"about":[{"href":"https:\/\/confrariadoazeite.com.br\/index.php?rest_route=\/wp\/v2\/types\/product"}],"replies":[{"embeddable":true,"href":"https:\/\/confrariadoazeite.com.br\/index.php?rest_route=%2Fwp%2Fv2%2Fcomments&post=122"}],"wp:featuredmedia":[{"embeddable":true,"href":"https:\/\/confrariadoazeite.com.br\/index.php?rest_route=\/wp\/v2\/media\/123"}],"wp:attachment":[{"href":"https:\/\/confrariadoazeite.com.br\/index.php?rest_route=%2Fwp%2Fv2%2Fmedia&parent=122"}],"wp:term":[{"taxonomy":"product_cat","embeddable":true,"href":"https:\/\/confrariadoazeite.com.br\/index.php?rest_route=%2Fwp%2Fv2%2Fproduct_cat&post=122"},{"taxonomy":"product_tag","embeddable":true,"href":"https:\/\/confrariadoazeite.com.br\/index.php?rest_route=%2Fwp%2Fv2%2Fproduct_tag&post=122"}],"curies":[{"name":"wp","href":"https:\/\/api.w.org\/{rel}","templated":true}]}}