{"id":48,"date":"2024-01-03T22:46:13","date_gmt":"2024-01-04T01:46:13","guid":{"rendered":"https:\/\/confrariadoazeite.com.br\/?page_id=48"},"modified":"2024-10-29T22:25:15","modified_gmt":"2024-10-30T01:25:15","slug":"como-funciona","status":"publish","type":"page","link":"https:\/\/confrariadoazeite.com.br\/?page_id=48","title":{"rendered":"Como Funciona"},"content":{"rendered":"\n<p><\/p>\n\n\n\n<p>A Confraria do azeite tem v\u00e3rios planos:<br><br>-NO Plano explorers mensal voc\u00ea recebe a cada mes um azeite de produtor\/r\u00f3tulo diferentes, suave, m\u00e9dio ou intenso, todos de 500ml, que n\u00e3o se repetem durante 12 meses. O Objetivo \u00e9 que voce esperimente os diversos azeites dispon\u00edveis no Brasil.<br>-O Plano explorers bimestral \u00e9 semelhante, mas as remessas s\u00e3o de dois azeites a cada dois meses. Voc\u00ea recebe a cada dois meses dois azeites de produtor\/r\u00f3tulos diferentes, suave, m\u00e9dio ou intenso, todos de 500ml, que n\u00e3o se repetem durante 12 meses. O Objetivo \u00e9 que voce esperimente os diversos azeites dispon\u00edveis no Brasil com redu\u00e7\u00e3o do cutso do transporte.<br>-Os planos Lovers s\u00e3o para quem j\u00e1 conhece os produtores e quer receber m\u00eas a m\u00eas a sua linha de produtos. Temos a linha casa Gabriel Rodrigues (7 produtos), a LInha Prosperato ( 4 produtos), a linha Capolivo (2 produtos) e a LInha P\u00e9cora nera (4 produtos)<\/p>\n\n\n\n<p>  (4 produtos).<\/p>\n","protected":false},"excerpt":{"rendered":"<p>A Confraria do azeite tem v\u00e3rios planos: -NO Plano explorers mensal voc\u00ea recebe a cada mes um azeite de produtor\/r\u00f3tulo diferentes, suave, m\u00e9dio ou intenso, todos de 500ml, que n\u00e3o se repetem durante 12 meses. O Objetivo \u00e9 que voce esperimente os diversos azeites dispon\u00edveis no Brasil.-O Plano explorers bimestral \u00e9 semelhante, mas as remessas [&hellip;]<\/p>\n","protected":false},"author":1,"featured_media":0,"parent":0,"menu_order":0,"comment_status":"closed","ping_status":"closed","template":"","meta":{"om_disable_all_campaigns":false,"_monsterinsights_skip_tracking":false,"_monsterinsights_sitenote_active":false,"_monsterinsights_sitenote_note":"","_monsterinsights_sitenote_category":0,"site-sidebar-layout":"default","site-content-layout":"","ast-site-content-layout":"default","site-content-style":"default","site-sidebar-style":"default","ast-global-header-display":"","ast-banner-title-visibility":"","ast-main-header-display":"","ast-hfb-above-header-display":"","ast-hfb-below-header-display":"","ast-hfb-mobile-header-display":"","site-post-title":"","ast-breadcrumbs-content":"","ast-featured-img":"","footer-sml-layout":"","theme-transparent-header-meta":"","adv-header-id-meta":"","stick-header-meta":"","header-above-stick-meta":"","header-main-stick-meta":"","header-below-stick-meta":"","astra-migrate-meta-layouts":"set","ast-page-background-enabled":"default","ast-page-background-meta":{"desktop":{"background-color":"var(--ast-global-color-4)","background-image":"","background-repeat":"repeat","background-position":"center center","background-size":"auto","background-attachment":"scroll","background-type":"","background-media":"","overlay-type":"","overlay-color":"","overlay-gradient":""},"tablet":{"background-color":"","background-image":"","background-repeat":"repeat","background-position":"center center","background-size":"auto","background-attachment":"scroll","background-type":"","background-media":"","overlay-type":"","overlay-color":"","overlay-gradient":""},"mobile":{"background-color":"","background-image":"","background-repeat":"repeat","background-position":"center center","background-size":"auto","background-attachment":"scroll","background-type":"","background-media":"","overlay-type":"","overlay-color":"","overlay-gradient":""}},"ast-content-background-meta":{"desktop":{"background-color":"var(--ast-global-color-5)","background-image":"","background-repeat":"repeat","background-position":"center center","background-size":"auto","background-attachment":"scroll","background-type":"","background-media":"","overlay-type":"","overlay-color":"","overlay-gradient":""},"tablet":{"background-color":"var(--ast-global-color-5)","background-image":"","background-repeat":"repeat","background-position":"center center","background-size":"auto","background-attachment":"scroll","background-type":"","background-media":"","overlay-type":"","overlay-color":"","overlay-gradient":""},"mobile":{"background-color":"var(--ast-global-color-5)","background-image":"","background-repeat":"repeat","background-position":"center center","background-size":"auto","background-attachment":"scroll","background-type":"","background-media":"","overlay-type":"","overlay-color":"","overlay-gradient":""}},"footnotes":""},"aioseo_notices":[],"jetpack_sharing_enabled":true,"_links":{"self":[{"href":"https:\/\/confrariadoazeite.com.br\/index.php?rest_route=\/wp\/v2\/pages\/48"}],"collection":[{"href":"https:\/\/confrariadoazeite.com.br\/index.php?rest_route=\/wp\/v2\/pages"}],"about":[{"href":"https:\/\/confrariadoazeite.com.br\/index.php?rest_route=\/wp\/v2\/types\/page"}],"author":[{"embeddable":true,"href":"https:\/\/confrariadoazeite.com.br\/index.php?rest_route=\/wp\/v2\/users\/1"}],"replies":[{"embeddable":true,"href":"https:\/\/confrariadoazeite.com.br\/index.php?rest_route=%2Fwp%2Fv2%2Fcomments&post=48"}],"version-history":[{"count":2,"href":"https:\/\/confrariadoazeite.com.br\/index.php?rest_route=\/wp\/v2\/pages\/48\/revisions"}],"predecessor-version":[{"id":150,"href":"https:\/\/confrariadoazeite.com.br\/index.php?rest_route=\/wp\/v2\/pages\/48\/revisions\/150"}],"wp:attachment":[{"href":"https:\/\/confrariadoazeite.com.br\/index.php?rest_route=%2Fwp%2Fv2%2Fmedia&parent=48"}],"curies":[{"name":"wp","href":"https:\/\/api.w.org\/{rel}","templated":true}]}}